{"id":45,"date":"2014-12-17T05:39:15","date_gmt":"2014-12-17T05:39:15","guid":{"rendered":"http:\/\/dahz.daffyhazan.com\/loma\/fashion\/?page_id=45"},"modified":"2016-03-14T21:59:48","modified_gmt":"2016-03-14T20:59:48","slug":"about","status":"publish","type":"page","link":"https:\/\/pregenzer.com\/blog\/about\/","title":{"rendered":"About"},"content":{"rendered":"<h1 style=\"text-align: center;\">\u00a0ABOUT<\/h1>\n<p style=\"text-align: center;\"><a href=\"http:\/\/pregenzer.com\/blog\/wp-content\/uploads\/2015\/03\/jutta.jpg\"><img loading=\"lazy\" class=\"alignleft wp-image-590\" src=\"http:\/\/pregenzer.com\/blog\/wp-content\/uploads\/2015\/03\/jutta.jpg\" alt=\"jutta\" width=\"285\" height=\"372\" \/><\/a><\/p>\n<p style=\"text-align: center;\">Jutta Pregenzer sch\u00e4tzt die pers\u00f6nliche Note.<br \/>\nBei sich und bei anderen. Mit ihrem Laden hat sie Raum<br \/>\ndaf\u00fcr geschaffen. Ein Ambiente zeitlos sch\u00f6n, puristisch<br \/>\nund einladend.<\/p>\n<p style=\"text-align: center;\">Ihre Liebe zum Detail spiegelt sich im Raum,<br \/>\nden Accessoires und der Kleidung wider.<br \/>\nLanglebige Materialien, feinste Verarbeitung und austarierte Preis\/Leistung sind im Gesch\u00e4ftslokal wie bei den auserlesenen Modeartikeln die Devise.<\/p>\n<p style=\"text-align: center;\">Pregenzers eigene Modelinie bet\u00f6rt durch reduzierte Schnitte und besondere Stoffe. Ausgew\u00e4hlte Marken erg\u00e4nzen das Sortiment und bilden ein raffiniertes Potpourrie<br \/>\nf\u00fcr die Frau von heute.<br \/>\nEine Huldigung an die Weiblichkeit.<\/p>\n<p style=\"text-align: center;\">Empathisch und stilsicher ist die Beratung,<br \/>\nso findet jede Frau ihr wohltuend textiles Pendant.<\/p>\n<p style=\"text-align: center;\">\n","protected":false},"excerpt":{"rendered":"<p>\u00a0ABOUT Jutta Pregenzer sch\u00e4tzt die pers\u00f6nliche Note. Bei sich und bei anderen. Mit ihrem Laden hat sie Raum daf\u00fcr geschaffen. Ein Ambiente zeitlos sch\u00f6n, puristisch und einladend. Ihre Liebe zum Detail spiegelt sich im Raum, den Accessoires und der Kleidung wider. Langlebige Materialien, feinste Verarbeitung und austarierte Preis\/Leistung sind im Gesch\u00e4ftslokal wie bei den auserlesenen<a href=\"https:\/\/pregenzer.com\/blog\/about\/\" class=\"df-link-excerpt\">Continue reading<\/a><\/p>\n","protected":false},"author":1,"featured_media":0,"parent":0,"menu_order":0,"comment_status":"open","ping_status":"open","template":"","meta":[],"_links":{"self":[{"href":"https:\/\/pregenzer.com\/blog\/wp-json\/wp\/v2\/pages\/45"}],"collection":[{"href":"https:\/\/pregenzer.com\/blog\/wp-json\/wp\/v2\/pages"}],"about":[{"href":"https:\/\/pregenzer.com\/blog\/wp-json\/wp\/v2\/types\/page"}],"author":[{"embeddable":true,"href":"https:\/\/pregenzer.com\/blog\/wp-json\/wp\/v2\/users\/1"}],"replies":[{"embeddable":true,"href":"https:\/\/pregenzer.com\/blog\/wp-json\/wp\/v2\/comments?post=45"}],"version-history":[{"count":6,"href":"https:\/\/pregenzer.com\/blog\/wp-json\/wp\/v2\/pages\/45\/revisions"}],"predecessor-version":[{"id":1165,"href":"https:\/\/pregenzer.com\/blog\/wp-json\/wp\/v2\/pages\/45\/revisions\/1165"}],"wp:attachment":[{"href":"https:\/\/pregenzer.com\/blog\/wp-json\/wp\/v2\/media?parent=45"}],"curies":[{"name":"wp","href":"https:\/\/api.w.org\/{rel}","templated":true}]}}