{"id":594,"date":"2015-03-13T16:09:33","date_gmt":"2015-03-13T16:09:33","guid":{"rendered":"http:\/\/pregenzer.com\/blog\/?page_id=594"},"modified":"2016-03-13T11:30:38","modified_gmt":"2016-03-13T10:30:38","slug":"service","status":"publish","type":"page","link":"https:\/\/pregenzer.com\/blog\/service\/","title":{"rendered":"Service"},"content":{"rendered":"<h1 style=\"text-align: center;\">SERVICE<\/h1>\n<p style=\"text-align: center;\"><strong>Pers\u00f6nliche Termine<\/strong><br \/>\nWenn Sie auf der Suche nach einem besonderen Einkaufserlebnis sind,<br \/>\nk\u00f6nnen Sie gerne einen pers\u00f6nlichen Termin f\u00fcr sich oder auch mit Freunden vereinbaren.<br \/>\nDiese w\u00fcrden vor oder nach Laden\u00f6ffnungszeiten stattfinden.<br \/>\nOder wir kommen mit unserer Kollektion zu Ihnen nach Hause oder in Ihr Unternehmen.<\/p>\n<p style=\"text-align: center;\"><strong>Zahlungsmittel<\/strong><br \/>\nAls Zahlungsmittel akzeptieren wir folgende Karten: Bankomat, VISA, MasterCard, Diners.<\/p>\n<p style=\"text-align: center;\"><strong>Nachbestellungen<\/strong><br \/>\nFalls Ihre Gr\u00f6\u00dfe oder Ihr Lieblingsmodell vergriffen sein sollte, werden wir uns bem\u00fchen,<br \/>\ndiese St\u00fccke bei den Lieferanten f\u00fcr Sie nachzuordern.<\/p>\n<p style=\"text-align: center;\"><strong>Stilberatung<\/strong><br \/>\nGerne stehen unsere Modeberaterinnen f\u00fcr eine pers\u00f6nliche Stilberatung zur Verf\u00fcgung.<br \/>\nNach Wunsch auch mit Terminvereinbarung au\u00dferhalb der \u00d6ffnungszeiten.<br \/>\nUnsere geschulten Fashion Expertinnen stehen auch Firmen zur Verf\u00fcgung,<br \/>\ndie Ihren Mitarbeitern ein Fashion Coaching erm\u00f6glichen wollen.<br \/>\nWir bearbeiten gerne jede Anfrage und finden eine, auf Ihr Unternehmen zugeschnitte, L\u00f6sung.<\/p>\n<p style=\"text-align: center;\"><strong>Geschenke &#8211; Verpackung<\/strong><br \/>\nBrauchen Sie das besondere Geschenk f\u00fcr z.B. Ihre Mitarbeiter, f\u00fcr Freunde,Ihre\/n Liebste\/n, etc.<br \/>\nWir gehen auf die Suche und machen Ihnen Vorschl\u00e4ge.<br \/>\nGeschenke werden auf Wunsch elegant verpackt.<\/p>\n<p style=\"text-align: center;\"><strong>Film &amp; Fernsehen<\/strong><br \/>\nWir stehen mit unserem Atelier Film &amp; Fernsehproduktionen zur Verf\u00fcgung,<br \/>\nf\u00fcr Entwurf und Produktion.<\/p>\n<p style=\"text-align: center;\">Referenzen:<br \/>\nPersil, Silan, Rex, Mastercard, Bank Austria, etc.<\/p>\n<p style=\"text-align: center;\"><strong>CI Bekleidung &amp; Merchandisingprodukte<\/strong><br \/>\nWir entwerfen und produzieren gerne die neue Mitarbeiterbekleidung oder<br \/>\nMerchandisingprodukte f\u00fcr Ihr Unternehmen.<\/p>\n<p style=\"text-align: center;\">Referenzen:<br \/>\nAlois Kracher \/ Burgenland<br \/>\nDankbarkeit \/ Burgenland<br \/>\nKunsthaus Bregenz \/ Vorarlberg<br \/>\netc.<\/p>\n<p style=\"text-align: center;\"><a href=\"http:\/\/pregenzer.com\/blog\/wp-content\/uploads\/2015\/03\/atelier_comp.jpg\"><img loading=\"lazy\" class=\" wp-image-685 aligncenter\" src=\"http:\/\/pregenzer.com\/blog\/wp-content\/uploads\/2015\/03\/atelier_comp.jpg\" alt=\"atelier_comp\" width=\"726\" height=\"384\" \/><\/a><\/p>\n","protected":false},"excerpt":{"rendered":"<p>SERVICE Pers\u00f6nliche Termine Wenn Sie auf der Suche nach einem besonderen Einkaufserlebnis sind, k\u00f6nnen Sie gerne einen pers\u00f6nlichen Termin f\u00fcr sich oder auch mit Freunden vereinbaren. Diese w\u00fcrden vor oder nach Laden\u00f6ffnungszeiten stattfinden. Oder wir kommen mit unserer Kollektion zu Ihnen nach Hause oder in Ihr Unternehmen. Zahlungsmittel Als Zahlungsmittel akzeptieren wir folgende Karten: Bankomat,<a href=\"https:\/\/pregenzer.com\/blog\/service\/\" class=\"df-link-excerpt\">Continue reading<\/a><\/p>\n","protected":false},"author":1,"featured_media":0,"parent":0,"menu_order":0,"comment_status":"open","ping_status":"open","template":"","meta":[],"_links":{"self":[{"href":"https:\/\/pregenzer.com\/blog\/wp-json\/wp\/v2\/pages\/594"}],"collection":[{"href":"https:\/\/pregenzer.com\/blog\/wp-json\/wp\/v2\/pages"}],"about":[{"href":"https:\/\/pregenzer.com\/blog\/wp-json\/wp\/v2\/types\/page"}],"author":[{"embeddable":true,"href":"https:\/\/pregenzer.com\/blog\/wp-json\/wp\/v2\/users\/1"}],"replies":[{"embeddable":true,"href":"https:\/\/pregenzer.com\/blog\/wp-json\/wp\/v2\/comments?post=594"}],"version-history":[{"count":6,"href":"https:\/\/pregenzer.com\/blog\/wp-json\/wp\/v2\/pages\/594\/revisions"}],"predecessor-version":[{"id":1161,"href":"https:\/\/pregenzer.com\/blog\/wp-json\/wp\/v2\/pages\/594\/revisions\/1161"}],"wp:attachment":[{"href":"https:\/\/pregenzer.com\/blog\/wp-json\/wp\/v2\/media?parent=594"}],"curies":[{"name":"wp","href":"https:\/\/api.w.org\/{rel}","templated":true}]}}