{"id":768,"date":"2015-04-05T10:53:32","date_gmt":"2015-04-05T09:53:32","guid":{"rendered":"http:\/\/pregenzer.com\/blog\/?page_id=768"},"modified":"2022-02-17T13:21:16","modified_gmt":"2022-02-17T12:21:16","slug":"impressum","status":"publish","type":"page","link":"https:\/\/pregenzer.com\/blog\/impressum\/","title":{"rendered":"Impressum"},"content":{"rendered":"<p style=\"text-align: center\"><strong>Verantwortlich f\u00fcr den Inhalt<\/strong><\/p>\n<p style=\"text-align: center\">Pregenzer Fashion Store<br \/>\nSchleifm\u00fchlgasse 4<br \/>\nA &#8211; 1040 Wien<\/p>\n<p style=\"text-align: center\">Gesch\u00e4fts-Inhaberin: Jutta Pregenzer<\/p>\n<p style=\"text-align: center\">Phone: +43 1 586 57 58<br \/>\nFax: +43 1 586 57 58<\/p>\n<p style=\"text-align: center\">Email: office@pregenzer.com<br \/>\nwww.pregenzer.com<\/p>\n<p style=\"text-align: center\">UID Nummer: ATU 11 413 406<\/p>\n<p style=\"text-align: center\">zust\u00e4ndiger Berufsverband: Wirtschaftskammer Wien<\/p>\n<p style=\"text-align: center\">zust\u00e4ndige Aufsichtsbeh\u00f6rde: Magistratisches Bezirksamt f\u00fcr den 4. und 5. Bezirk<\/p>\n<p style=\"text-align: center\">Copyright der Bilder im Bereich Store: Katharina Gossow<\/p>\n<p style=\"text-align: center\"><strong>Rechtliche Hinweise<\/strong><\/p>\n<p style=\"text-align: center\">Alle Rechte vorbehalten. Alle Texte, Grafiken und Bilder auf unterliegen dem Copyight von<br \/>\nPregenzer Fashion Store und sind eventuell durch Dritte zus\u00e4tzlich urheberrechtlich gesch\u00fctzt.<\/p>\n<p style=\"text-align: center\">Die Inhalte unserer Seiten wurden mit gr\u00f6\u00dfter Sorgfalt erstellt. F\u00fcr die Richtigkeit, Vollst\u00e4ndigkeit und<br \/>\nAktualit\u00e4t der Inhalte k\u00f6nnen wir jedoch keine Gew\u00e4hr \u00fcbernehmen.<\/p>\n<p style=\"text-align: center\">Die Pregenzer Fashion Store ist nicht verantwortlich f\u00fcr Inhalte externer Seiten, auf die durch<br \/>\nweiterf\u00fchrende Links verwiesen wird. Jegliche Haftung f\u00fcr die Nutzung der Inhalte der Website oder die<br \/>\nRichtigkeit der Inhalte wird ausgeschlossen.<\/p>\n<p style=\"text-align: center\">Soweit die Inhalte auf dieser Seite nicht vom Betreiber erstellt wurden, werden die Urheberrechte Dritter beachtet.<br \/>\nSollten Sie trotzdem auf eine Urheberrechtsverletzung aufmerksam werden, bitten wir um einen entsprechenden Hinweis.<br \/>\nBei Bekanntwerden von Rechtsverletzungen werden wir derartige Inhalte umgehend entfernen.<\/p>\n<p style=\"text-align: center\"><strong>Datenschutz<\/strong><\/p>\n<p style=\"text-align: center\">Die Nutzung unserer Webseite ist in der Regel ohne Angabe personenbezogener Daten m\u00f6glich.<br \/>\nSoweit auf unseren Seiten personenbezogene Daten (beispielsweise Name, Anschrift oder eMail-Adressen) erhoben werden,<br \/>\nerfolgt dies, soweit m\u00f6glich, stets auf freiwilliger Basis.<br \/>\nDiese Daten werden ohne Ihre ausdr\u00fcckliche Zustimmung nicht an Dritte weitergegeben.<\/p>\n","protected":false},"excerpt":{"rendered":"<p>Verantwortlich f\u00fcr den Inhalt Pregenzer Fashion Store Schleifm\u00fchlgasse 4 A &#8211; 1040 Wien Gesch\u00e4fts-Inhaberin: Jutta Pregenzer Phone: +43 1 586 57 58 Fax: +43 1 586 57 58 Email: office@pregenzer.com www.pregenzer.com UID Nummer: ATU 11 413 406 zust\u00e4ndiger Berufsverband: Wirtschaftskammer Wien zust\u00e4ndige Aufsichtsbeh\u00f6rde: Magistratisches Bezirksamt f\u00fcr den 4. und 5. Bezirk Copyright der Bilder im<a href=\"https:\/\/pregenzer.com\/blog\/impressum\/\" class=\"df-link-excerpt\">Continue reading<\/a><\/p>\n","protected":false},"author":1,"featured_media":0,"parent":0,"menu_order":0,"comment_status":"open","ping_status":"open","template":"","meta":[],"_links":{"self":[{"href":"https:\/\/pregenzer.com\/blog\/wp-json\/wp\/v2\/pages\/768"}],"collection":[{"href":"https:\/\/pregenzer.com\/blog\/wp-json\/wp\/v2\/pages"}],"about":[{"href":"https:\/\/pregenzer.com\/blog\/wp-json\/wp\/v2\/types\/page"}],"author":[{"embeddable":true,"href":"https:\/\/pregenzer.com\/blog\/wp-json\/wp\/v2\/users\/1"}],"replies":[{"embeddable":true,"href":"https:\/\/pregenzer.com\/blog\/wp-json\/wp\/v2\/comments?post=768"}],"version-history":[{"count":7,"href":"https:\/\/pregenzer.com\/blog\/wp-json\/wp\/v2\/pages\/768\/revisions"}],"predecessor-version":[{"id":4443,"href":"https:\/\/pregenzer.com\/blog\/wp-json\/wp\/v2\/pages\/768\/revisions\/4443"}],"wp:attachment":[{"href":"https:\/\/pregenzer.com\/blog\/wp-json\/wp\/v2\/media?parent=768"}],"curies":[{"name":"wp","href":"https:\/\/api.w.org\/{rel}","templated":true}]}}